{"id":202,"date":"2023-08-11T12:15:07","date_gmt":"2023-08-11T12:15:07","guid":{"rendered":"https:\/\/ea-games.ro\/?page_id=202"},"modified":"2025-10-30T16:12:50","modified_gmt":"2025-10-30T16:12:50","slug":"szabalyzat","status":"publish","type":"page","link":"https:\/\/ea-games.ro\/ro\/szabalyzat\/","title":{"rendered":"Regulament"},"content":{"rendered":"<p>[et_pb_section fb_built=&#8221;1&#8243; admin_label=&#8221;Header&#8221; _builder_version=&#8221;4.22.0&#8243; _module_preset=&#8221;default&#8221; background_color=&#8221;#060717&#8243; background_image=&#8221;https:\/\/ea-games.ro\/wp-content\/uploads\/2023\/08\/The-fort.png&#8221; background_position=&#8221;bottom_center&#8221; custom_padding=&#8221;||||false|false&#8221; collapsed=&#8221;on&#8221; global_colors_info=&#8221;{}&#8221;][et_pb_row _builder_version=&#8221;4.17.0&#8243; _module_preset=&#8221;default&#8221; custom_padding=&#8221;||20px||false|false&#8221; global_colors_info=&#8221;{}&#8221;][et_pb_column type=&#8221;4_4&#8243; _builder_version=&#8221;4.17.0&#8243; _module_preset=&#8221;default&#8221; global_colors_info=&#8221;{}&#8221;][et_pb_text _builder_version=&#8221;4.22.0&#8243; _module_preset=&#8221;c16985e1-e0d6-4022-964d-e2bfc04fa633&#8243; text_text_color=&#8221;#7CDA24&#8243; header_font=&#8221;Anton||||||||&#8221; header_text_color=&#8221;#ff0000&#8243; header_font_size=&#8221;72px&#8221; header_line_height=&#8221;1.2em&#8221; custom_margin=&#8221;||||false|false&#8221; custom_margin_tablet=&#8221;||||false|false&#8221; custom_margin_phone=&#8221;&#8221; custom_margin_last_edited=&#8221;on|phone&#8221; header_font_size_tablet=&#8221;40px&#8221; header_font_size_phone=&#8221;24px&#8221; header_font_size_last_edited=&#8221;on|phone&#8221; global_colors_info=&#8221;{}&#8221;]<\/p>\n<h1>Szab\u00e1lyzat<\/h1>\n<p>[\/et_pb_text][\/et_pb_column][\/et_pb_row][et_pb_row column_structure=&#8221;1_3,1_3,1_3&#8243; _builder_version=&#8221;4.17.0&#8243; _module_preset=&#8221;default&#8221; custom_padding=&#8221;0px|||||&#8221; global_colors_info=&#8221;{}&#8221;][et_pb_column type=&#8221;1_3&#8243; _builder_version=&#8221;4.17.0&#8243; _module_preset=&#8221;default&#8221; custom_padding_tablet=&#8221;||5%||false|false&#8221; custom_padding_phone=&#8221;||30px||false|false&#8221; custom_padding_last_edited=&#8221;on|phone&#8221; global_colors_info=&#8221;{}&#8221;][et_pb_text _builder_version=&#8221;4.22.0&#8243; _module_preset=&#8221;4827deed-2a92-4d97-a22f-f01067ae6873&#8243; text_font=&#8221;Quattrocento Sans|700|||||||&#8221; header_font=&#8221;||||||||&#8221; header_4_font=&#8221;Khand||||||||&#8221; header_4_text_color=&#8221;#FFFFFF&#8221; header_4_font_size=&#8221;24px&#8221; header_4_line_height=&#8221;1.3em&#8221; position_origin_a=&#8221;bottom_left&#8221; position_origin_a_tablet=&#8221;bottom_left&#8221; position_origin_a_phone=&#8221;bottom_left&#8221; position_origin_a_last_edited=&#8221;on|tablet&#8221; position_origin_f_tablet=&#8221;&#8221; position_origin_f_phone=&#8221;&#8221; position_origin_f_last_edited=&#8221;on|tablet&#8221; position_origin_r_tablet=&#8221;&#8221; position_origin_r_phone=&#8221;&#8221; position_origin_r_last_edited=&#8221;on|tablet&#8221; custom_margin=&#8221;||10px||false|false&#8221; custom_margin_tablet=&#8221;5%|||0%|false|false&#8221; custom_margin_phone=&#8221;|||0%|false|false&#8221; custom_margin_last_edited=&#8221;off|desktop&#8221; header_4_font_size_tablet=&#8221;16px&#8221; header_4_font_size_phone=&#8221;14px&#8221; header_4_font_size_last_edited=&#8221;on|phone&#8221; positioning_tablet=&#8221;none&#8221; positioning_phone=&#8221;none&#8221; positioning_last_edited=&#8221;on|tablet&#8221; global_colors_info=&#8221;{}&#8221;]<\/p>\n<h4>A j\u00e1t\u00e9kmenet alatt betartand\u00f3 szab\u00e1lyzat \u00e9s biztons\u00e1gi el\u0151\u00edr\u00e1sok<\/h4>\n<p>[\/et_pb_text][et_pb_button button_url=&#8221;#Katt&#8221; button_text=&#8221;Megtekint\u00e9s&#8221; button_alignment=&#8221;right&#8221; button_alignment_tablet=&#8221;left&#8221; button_alignment_phone=&#8221;left&#8221; button_alignment_last_edited=&#8221;on|tablet&#8221; _builder_version=&#8221;4.22.0&#8243; _module_preset=&#8221;f489fdc3-bf1e-40c7-852b-c42851d4acb9&#8243; custom_button=&#8221;on&#8221; button_text_size=&#8221;14px&#8221; button_text_color=&#8221;#FFFFFF&#8221; button_bg_use_color_gradient=&#8221;on&#8221; button_bg_color_gradient_direction=&#8221;120deg&#8221; button_bg_color_gradient_stops=&#8221;#c1b25e 0%|#63260a 100%&#8221; button_border_width=&#8221;0px&#8221; button_border_radius=&#8221;50px&#8221; button_letter_spacing=&#8221;2px&#8221; button_font=&#8221;Sarabun|700||on|||||&#8221; button_icon=&#8221;&#x33;||divi||400&#8243; custom_padding=&#8221;20px|30px|20px|30px|true|true&#8221; button_text_size_phone=&#8221;12px&#8221; button_text_size_last_edited=&#8221;off|phone&#8221; global_colors_info=&#8221;{}&#8221;][\/et_pb_button][\/et_pb_column][et_pb_column type=&#8221;1_3&#8243; _builder_version=&#8221;4.17.0&#8243; _module_preset=&#8221;default&#8221; overflow-x=&#8221;visible&#8221; overflow-y=&#8221;visible&#8221; custom_padding=&#8221;||||false|false&#8221; custom_padding_tablet=&#8221;||||false|false&#8221; custom_padding_phone=&#8221;||||false|false&#8221; custom_padding_last_edited=&#8221;on|tablet&#8221; background_last_edited=&#8221;on|desktop&#8221; border_radii=&#8221;off||100px||100px&#8221; global_colors_info=&#8221;{}&#8221;][et_pb_divider show_divider=&#8221;off&#8221; _builder_version=&#8221;4.22.0&#8243; _module_preset=&#8221;default&#8221; use_background_color_gradient=&#8221;on&#8221; background_color_gradient_stops=&#8221;#24233c 0%|#4a600c 100%&#8221; positioning=&#8221;absolute&#8221; position_origin_a=&#8221;bottom_left&#8221; position_origin_a_tablet=&#8221;bottom_left&#8221; position_origin_a_phone=&#8221;bottom_left&#8221; position_origin_a_last_edited=&#8221;off|desktop&#8221; position_origin_f_last_edited=&#8221;off|desktop&#8221; position_origin_r_last_edited=&#8221;off|desktop&#8221; width=&#8221;88%&#8221; width_tablet=&#8221;55%&#8221; width_phone=&#8221;60%&#8221; width_last_edited=&#8221;off|desktop&#8221; height=&#8221;60%&#8221; height_last_edited=&#8221;off|desktop&#8221; custom_margin=&#8221;||0px||false|false&#8221; custom_margin_tablet=&#8221;||0%||false|false&#8221; custom_margin_phone=&#8221;||0%||false|false&#8221; custom_margin_last_edited=&#8221;off|desktop&#8221; custom_padding_tablet=&#8221;||700px||false|false&#8221; custom_padding_phone=&#8221;||500px||false|false&#8221; custom_padding_last_edited=&#8221;off|desktop&#8221; background_last_edited=&#8221;off|desktop&#8221; use_background_color_gradient_tablet=&#8221;on&#8221; background_color_gradient_stops_tablet=&#8221;rgba(140,94,249,0) 0%|rgba(6,7,23,0) 40%|rgba(140,94,249,0.4) 40%|rgba(140,94,249,0.8) 100%&#8221; positioning_tablet=&#8221;absolute&#8221; positioning_phone=&#8221;absolute&#8221; positioning_last_edited=&#8221;off|desktop&#8221; border_radii=&#8221;off||100px||100px&#8221; locked=&#8221;off&#8221; global_colors_info=&#8221;{}&#8221;][\/et_pb_divider][et_pb_image src=&#8221;https:\/\/ea-games.ro\/wp-content\/uploads\/2023\/08\/small-icon-ea.png&#8221; title_text=&#8221;small icon-ea&#8221; _builder_version=&#8221;4.22.0&#8243; _module_preset=&#8221;default&#8221; positioning=&#8221;absolute&#8221; position_origin_a=&#8221;bottom_right&#8221; z_index=&#8221;1&#8243; vertical_offset_last_edited=&#8221;off|desktop&#8221; horizontal_offset_last_edited=&#8221;off|desktop&#8221; position_origin_a_tablet=&#8221;bottom_right&#8221; position_origin_a_phone=&#8221;bottom_right&#8221; position_origin_a_last_edited=&#8221;off|desktop&#8221; position_origin_f_last_edited=&#8221;off|desktop&#8221; position_origin_r_last_edited=&#8221;off|desktop&#8221; width=&#8221;23%&#8221; width_tablet=&#8221;100%&#8221; width_phone=&#8221;100%&#8221; width_last_edited=&#8221;off|desktop&#8221; custom_margin=&#8221;|-6%|20%||false|false&#8221; positioning_tablet=&#8221;absolute&#8221; positioning_phone=&#8221;absolute&#8221; positioning_last_edited=&#8221;off|desktop&#8221; global_colors_info=&#8221;{}&#8221;][\/et_pb_image][et_pb_image src=&#8221;https:\/\/ea-games.ro\/wp-content\/uploads\/2023\/08\/saeute.webp&#8221; title_text=&#8221;sa\u00e9ute&#8221; admin_label=&#8221;Image&#8221; _builder_version=&#8221;4.22.0&#8243; _module_preset=&#8221;default&#8221; width_phone=&#8221;96%&#8221; width_last_edited=&#8221;off|desktop&#8221; max_width_tablet=&#8221;300px&#8221; max_width_phone=&#8221;300px&#8221; max_width_last_edited=&#8221;on|tablet&#8221; max_height_tablet=&#8221;&#8221; max_height_phone=&#8221;&#8221; max_height_last_edited=&#8221;on|tablet&#8221; custom_margin=&#8221;8%||30%|12%|false|false&#8221; custom_margin_tablet=&#8221;||||false|false&#8221; custom_margin_phone=&#8221;||||false|false&#8221; custom_margin_last_edited=&#8221;off|desktop&#8221; custom_padding_tablet=&#8221;8%||||false|false&#8221; custom_padding_phone=&#8221;||||false|false&#8221; custom_padding_last_edited=&#8221;off|desktop&#8221; module_alignment_phone=&#8221;right&#8221; module_alignment_last_edited=&#8221;off|desktop&#8221; border_radii=&#8221;off||100px||100px&#8221; global_colors_info=&#8221;{}&#8221; width__hover_enabled=&#8221;off|desktop&#8221;][\/et_pb_image][et_pb_image src=&#8221;https:\/\/ea-games.ro\/wp-content\/uploads\/2023\/08\/Podcaster-19.png&#8221; title_text=&#8221;Podcaster 19&#8243; align_tablet=&#8221;left&#8221; align_phone=&#8221;left&#8221; align_last_edited=&#8221;on|phone&#8221; _builder_version=&#8221;4.22.0&#8243; _module_preset=&#8221;default&#8221; positioning=&#8221;absolute&#8221; vertical_offset_tablet=&#8221;0%&#8221; vertical_offset_last_edited=&#8221;off|desktop&#8221; horizontal_offset_last_edited=&#8221;off|desktop&#8221; position_origin_a_tablet=&#8221;top_left&#8221; position_origin_a_phone=&#8221;top_left&#8221; position_origin_a_last_edited=&#8221;off|desktop&#8221; position_origin_f_last_edited=&#8221;off|desktop&#8221; position_origin_r_last_edited=&#8221;off|desktop&#8221; width=&#8221;17%&#8221; width_last_edited=&#8221;off|desktop&#8221; custom_margin=&#8221;||0px||false|false&#8221; filter_hue_rotate=&#8221;166deg&#8221; filter_saturate=&#8221;148%&#8221; positioning_tablet=&#8221;absolute&#8221; positioning_phone=&#8221;absolute&#8221; positioning_last_edited=&#8221;off|desktop&#8221; global_colors_info=&#8221;{}&#8221; width__hover_enabled=&#8221;off|desktop&#8221;][\/et_pb_image][\/et_pb_column][et_pb_column type=&#8221;1_3&#8243; _builder_version=&#8221;4.17.0&#8243; _module_preset=&#8221;default&#8221; custom_padding=&#8221;10%||||false|false&#8221; custom_padding_tablet=&#8221;0%||||false|false&#8221; custom_padding_phone=&#8221;0%||||false|false&#8221; custom_padding_last_edited=&#8221;on|desktop&#8221; global_colors_info=&#8221;{}&#8221;][et_pb_image src=&#8221;https:\/\/ea-games.ro\/wp-content\/uploads\/2023\/08\/fort-small.png&#8221; title_text=&#8221;fort small&#8221; align=&#8221;center&#8221; admin_label=&#8221;Image&#8221; _builder_version=&#8221;4.22.0&#8243; _module_preset=&#8221;default&#8221; position_origin_a=&#8221;top_right&#8221; horizontal_offset=&#8221;-80%&#8221; horizontal_offset_tablet=&#8221;0%&#8221; horizontal_offset_phone=&#8221;0%&#8221; horizontal_offset_last_edited=&#8221;on|tablet&#8221; position_origin_a_tablet=&#8221;top_right&#8221; position_origin_a_phone=&#8221;top_right&#8221; position_origin_a_last_edited=&#8221;off|desktop&#8221; position_origin_f_last_edited=&#8221;off|desktop&#8221; position_origin_r_last_edited=&#8221;off|desktop&#8221; width=&#8221;130px&#8221; width_tablet=&#8221;100%&#8221; width_phone=&#8221;100%&#8221; width_last_edited=&#8221;off|desktop&#8221; custom_margin_tablet=&#8221;|||0%|false|false&#8221; custom_margin_phone=&#8221;|||0%|false|false&#8221; custom_margin_last_edited=&#8221;off|desktop&#8221; scroll_horizontal_motion_enable=&#8221;on&#8221; scroll_horizontal_motion=&#8221;0|48|79|100|4|0|-4.5&#8243; motion_trigger_start=&#8221;bottom&#8221; positioning_tablet=&#8221;absolute&#8221; positioning_phone=&#8221;absolute&#8221; positioning_last_edited=&#8221;off|desktop&#8221; locked=&#8221;off&#8221; global_colors_info=&#8221;{}&#8221;][\/et_pb_image][et_pb_image src=&#8221;https:\/\/ea-games.ro\/wp-content\/uploads\/2023\/08\/small-icon.png&#8221; title_text=&#8221;small icon&#8221; align_tablet=&#8221;left&#8221; align_phone=&#8221;left&#8221; align_last_edited=&#8221;on|tablet&#8221; _builder_version=&#8221;4.22.0&#8243; _module_preset=&#8221;default&#8221; position_origin_a=&#8221;center_left&#8221; horizontal_offset=&#8221;-50%&#8221; vertical_offset_tablet=&#8221;-40%&#8221; vertical_offset_phone=&#8221;-40%&#8221; vertical_offset_last_edited=&#8221;on|tablet&#8221; horizontal_offset_tablet=&#8221;-5%&#8221; horizontal_offset_phone=&#8221;-5%&#8221; horizontal_offset_last_edited=&#8221;on|phone&#8221; position_origin_a_tablet=&#8221;top_left&#8221; position_origin_a_phone=&#8221;top_left&#8221; position_origin_a_last_edited=&#8221;on|tablet&#8221; position_origin_f_tablet=&#8221;&#8221; position_origin_f_phone=&#8221;&#8221; position_origin_f_last_edited=&#8221;on|tablet&#8221; position_origin_r_tablet=&#8221;&#8221; position_origin_r_phone=&#8221;&#8221; position_origin_r_last_edited=&#8221;on|tablet&#8221; width=&#8221;100px&#8221; width_tablet=&#8221;100%&#8221; width_phone=&#8221;100%&#8221; width_last_edited=&#8221;off|desktop&#8221; custom_margin_tablet=&#8221;-60px||0%|-5%|false|false&#8221; custom_margin_phone=&#8221;-60px||0%|-5%|false|false&#8221; custom_margin_last_edited=&#8221;off|desktop&#8221; scroll_rotating_enable=&#8221;on&#8221; positioning_tablet=&#8221;none&#8221; positioning_phone=&#8221;none&#8221; positioning_last_edited=&#8221;on|tablet&#8221; locked=&#8221;off&#8221; global_colors_info=&#8221;{}&#8221;][\/et_pb_image][et_pb_text _builder_version=&#8221;4.22.0&#8243; _module_preset=&#8221;518880c8-46c7-4ffa-b5a6-93ffa99dcc17&#8243; text_font=&#8221;Poppins|300|||||||&#8221; text_text_color=&#8221;#FFFFFF&#8221; text_font_size=&#8221;17px&#8221; text_line_height=&#8221;1.6em&#8221; position_origin_a=&#8221;bottom_left&#8221; position_origin_a_tablet=&#8221;bottom_left&#8221; position_origin_a_phone=&#8221;bottom_left&#8221; position_origin_a_last_edited=&#8221;on|tablet&#8221; position_origin_f_tablet=&#8221;&#8221; position_origin_f_phone=&#8221;&#8221; position_origin_f_last_edited=&#8221;on|tablet&#8221; position_origin_r_tablet=&#8221;&#8221; position_origin_r_phone=&#8221;&#8221; position_origin_r_last_edited=&#8221;on|tablet&#8221; custom_margin_tablet=&#8221;5%|||0%|false|false&#8221; custom_margin_phone=&#8221;|||0%|false|false&#8221; custom_margin_last_edited=&#8221;off|desktop&#8221; text_font_size_tablet=&#8221;16px&#8221; text_font_size_phone=&#8221;14px&#8221; text_font_size_last_edited=&#8221;on|phone&#8221; positioning_tablet=&#8221;none&#8221; positioning_phone=&#8221;none&#8221; positioning_last_edited=&#8221;on|tablet&#8221; global_colors_info=&#8221;{}&#8221;]<\/p>\n<p>Amennyiben r\u00e9szt veszel az Elite Airsoft Games j\u00e1t\u00e9kokon, automatikusan elfogadod a szab\u00e1lyzatunkat \u00e9s a biztons\u00e1gi el\u00e1\u00edr\u00e1sokat.\u00a0<\/p>\n<p>Nem csak szab\u00e1lyokkal k\u00e9sz\u00fclt\u00fcnk, hanem hasznos inf\u00f3kkal \u00e9s tippekkel, melyek m\u00e9g \u00e9lvezhet\u0151bb\u00e9 teszik a j\u00e1t\u00e9kot.\u00a0<\/p>\n<p>[\/et_pb_text][\/et_pb_column][\/et_pb_row][et_pb_row column_structure=&#8221;1_2,1_2&#8243; _builder_version=&#8221;4.22.0&#8243; _module_preset=&#8221;default&#8221; global_colors_info=&#8221;{}&#8221;][et_pb_column type=&#8221;1_2&#8243; _builder_version=&#8221;4.22.0&#8243; _module_preset=&#8221;default&#8221; global_colors_info=&#8221;{}&#8221;][et_pb_text module_id=&#8221;Katt&#8221; _builder_version=&#8221;4.22.0&#8243; _module_preset=&#8221;default&#8221; text_font=&#8221;Poppins||||||||&#8221; text_text_color=&#8221;#a3a3a3&#8243; text_font_size=&#8221;20px&#8221; border_color_right=&#8221;RGBA(255,255,255,0)&#8221; global_colors_info=&#8221;{}&#8221;]<\/p>\n<p style=\"text-align: center;\">Kattinsd a lenti k\u00e9pekre a vill\u00e1mn\u00e9zethez, vagy<\/p>\n<p>[\/et_pb_text][\/et_pb_column][et_pb_column type=&#8221;1_2&#8243; _builder_version=&#8221;4.22.0&#8243; _module_preset=&#8221;default&#8221; global_colors_info=&#8221;{}&#8221;][et_pb_button button_url=&#8221;https:\/\/ea-games.ro\/wp-content\/uploads\/2023\/08\/The-Fort-Rules-x.pdf&#8221; url_new_window=&#8221;on&#8221; button_text=&#8221;T\u00f6ltsd le a szab\u00e1lyzatot&#8221; button_alignment=&#8221;center&#8221; _builder_version=&#8221;4.22.0&#8243; _module_preset=&#8221;default&#8221; custom_button=&#8221;on&#8221; button_text_color=&#8221;#FFFFFF&#8221; button_bg_color=&#8221;#ff0000&#8243; button_border_width=&#8221;0px&#8221; button_border_color=&#8221;RGBA(255,255,255,0)&#8221; button_border_radius=&#8221;53px&#8221; button_font=&#8221;Poppins|300|||||||&#8221; button_icon=&#8221;&#xe071;||divi||400&#8243; global_colors_info=&#8221;{}&#8221;][\/et_pb_button][\/et_pb_column][\/et_pb_row][et_pb_row module_class=&#8221;wpz-gallery-masonry&#8221; _builder_version=&#8221;4.22.0&#8243; _module_preset=&#8221;default&#8221; global_colors_info=&#8221;{}&#8221;][et_pb_column type=&#8221;4_4&#8243; _builder_version=&#8221;4.22.0&#8243; _module_preset=&#8221;default&#8221; global_colors_info=&#8221;{}&#8221;][et_pb_gallery gallery_ids=&#8221;228,229,230,231,232,233,234,235,236,759,760,761,762&#8243; posts_number=&#8221;12&#8243; show_title_and_caption=&#8221;off&#8221; show_pagination=&#8221;off&#8221; _builder_version=&#8221;4.27.4&#8243; _module_preset=&#8221;default&#8221; global_colors_info=&#8221;{}&#8221;][\/et_pb_gallery][\/et_pb_column][\/et_pb_row][et_pb_row _builder_version=&#8221;4.22.0&#8243; _module_preset=&#8221;default&#8221; global_colors_info=&#8221;{}&#8221;][et_pb_column type=&#8221;4_4&#8243; _builder_version=&#8221;4.22.0&#8243; _module_preset=&#8221;default&#8221; global_colors_info=&#8221;{}&#8221;][et_pb_button button_url=&#8221;https:\/\/ea-games.ro\/wp-content\/uploads\/2025\/10\/organized.pdf&#8221; url_new_window=&#8221;on&#8221; button_text=&#8221;T\u00f6ltsd le a szab\u00e1lyzatot&#8221; button_alignment=&#8221;center&#8221; _builder_version=&#8221;4.27.4&#8243; _module_preset=&#8221;default&#8221; custom_button=&#8221;on&#8221; button_text_color=&#8221;#FFFFFF&#8221; button_bg_color=&#8221;#ff0000&#8243; button_border_width=&#8221;0px&#8221; button_border_color=&#8221;RGBA(255,255,255,0)&#8221; button_border_radius=&#8221;53px&#8221; button_font=&#8221;Poppins|300|||||||&#8221; button_icon=&#8221;&#xe071;||divi||400&#8243; hover_enabled=&#8221;0&#8243; global_colors_info=&#8221;{}&#8221; sticky_enabled=&#8221;0&#8243;][\/et_pb_button][\/et_pb_column][\/et_pb_row][\/et_pb_section]<\/p>\n","protected":false},"excerpt":{"rendered":"<p>Szab\u00e1lyzatA j\u00e1t\u00e9kmenet alatt betartand\u00f3 szab\u00e1lyzat \u00e9s biztons\u00e1gi el\u0151\u00edr\u00e1sokAmennyiben r\u00e9szt veszel az Elite Airsoft Games j\u00e1t\u00e9kokon, automatikusan elfogadod a szab\u00e1lyzatunkat \u00e9s a biztons\u00e1gi el\u00e1\u00edr\u00e1sokat.\u00a0 Nem csak szab\u00e1lyokkal k\u00e9sz\u00fclt\u00fcnk, hanem hasznos inf\u00f3kkal \u00e9s tippekkel, melyek m\u00e9g \u00e9lvezhet\u0151bb\u00e9 teszik a j\u00e1t\u00e9kot.\u00a0Kattinsd a lenti k\u00e9pekre a vill\u00e1mn\u00e9zethez, vagy<\/p>","protected":false},"author":1,"featured_media":0,"parent":0,"menu_order":0,"comment_status":"closed","ping_status":"closed","template":"","meta":{"_et_pb_use_builder":"on","_et_pb_old_content":"","_et_gb_content_width":"","footnotes":""},"dipi_cpt_category":[],"yoast_head":"<!-- This site is optimized with the Yoast SEO plugin v23.2 - https:\/\/yoast.com\/wordpress\/plugins\/seo\/ -->\n<title>Szab\u00e1lyzat - EA-Games<\/title>\n<meta name=\"robots\" content=\"index, follow, max-snippet:-1, max-image-preview:large, max-video-preview:-1\" \/>\n<link rel=\"canonical\" href=\"https:\/\/ea-games.ro\/ro\/szabalyzat\/\" \/>\n<meta property=\"og:locale\" content=\"ro_RO\" \/>\n<meta property=\"og:type\" content=\"article\" \/>\n<meta property=\"og:title\" content=\"Szab\u00e1lyzat - EA-Games\" \/>\n<meta property=\"og:description\" content=\"Szab\u00e1lyzatA j\u00e1t\u00e9kmenet alatt betartand\u00f3 szab\u00e1lyzat \u00e9s biztons\u00e1gi el\u0151\u00edr\u00e1sokAmennyiben r\u00e9szt veszel az Elite Airsoft Games j\u00e1t\u00e9kokon, automatikusan elfogadod a szab\u00e1lyzatunkat \u00e9s a biztons\u00e1gi el\u00e1\u00edr\u00e1sokat.\u00a0 Nem csak szab\u00e1lyokkal k\u00e9sz\u00fclt\u00fcnk, hanem hasznos inf\u00f3kkal \u00e9s tippekkel, melyek m\u00e9g \u00e9lvezhet\u0151bb\u00e9 teszik a j\u00e1t\u00e9kot.\u00a0Kattinsd a lenti k\u00e9pekre a vill\u00e1mn\u00e9zethez, vagy\" \/>\n<meta property=\"og:url\" content=\"https:\/\/ea-games.ro\/ro\/szabalyzat\/\" \/>\n<meta property=\"og:site_name\" content=\"EA-Games\" \/>\n<meta property=\"article:modified_time\" content=\"2025-10-30T16:12:50+00:00\" \/>\n<meta name=\"twitter:card\" content=\"summary_large_image\" \/>\n<meta name=\"twitter:label1\" content=\"Timp estimat pentru citire\" \/>\n\t<meta name=\"twitter:data1\" content=\"9 minute\" \/>\n<script type=\"application\/ld+json\" class=\"yoast-schema-graph\">{\"@context\":\"https:\/\/schema.org\",\"@graph\":[{\"@type\":\"WebPage\",\"@id\":\"https:\/\/ea-games.ro\/szabalyzat\/\",\"url\":\"https:\/\/ea-games.ro\/szabalyzat\/\",\"name\":\"Szab\u00e1lyzat - EA-Games\",\"isPartOf\":{\"@id\":\"https:\/\/ea-games.ro\/#website\"},\"datePublished\":\"2023-08-11T12:15:07+00:00\",\"dateModified\":\"2025-10-30T16:12:50+00:00\",\"breadcrumb\":{\"@id\":\"https:\/\/ea-games.ro\/szabalyzat\/#breadcrumb\"},\"inLanguage\":\"ro-RO\",\"potentialAction\":[{\"@type\":\"ReadAction\",\"target\":[\"https:\/\/ea-games.ro\/szabalyzat\/\"]}]},{\"@type\":\"BreadcrumbList\",\"@id\":\"https:\/\/ea-games.ro\/szabalyzat\/#breadcrumb\",\"itemListElement\":[{\"@type\":\"ListItem\",\"position\":1,\"name\":\"Home\",\"item\":\"https:\/\/ea-games.ro\/\"},{\"@type\":\"ListItem\",\"position\":2,\"name\":\"Szab\u00e1lyzat\"}]},{\"@type\":\"WebSite\",\"@id\":\"https:\/\/ea-games.ro\/#website\",\"url\":\"https:\/\/ea-games.ro\/\",\"name\":\"EA-Games\",\"description\":\"Elite Airsoft Games and game organisation\",\"potentialAction\":[{\"@type\":\"SearchAction\",\"target\":{\"@type\":\"EntryPoint\",\"urlTemplate\":\"https:\/\/ea-games.ro\/?s={search_term_string}\"},\"query-input\":\"required name=search_term_string\"}],\"inLanguage\":\"ro-RO\"}]}<\/script>\n<!-- \/ Yoast SEO plugin. -->","yoast_head_json":{"title":"Szab\u00e1lyzat - EA-Games","robots":{"index":"index","follow":"follow","max-snippet":"max-snippet:-1","max-image-preview":"max-image-preview:large","max-video-preview":"max-video-preview:-1"},"canonical":"https:\/\/ea-games.ro\/ro\/szabalyzat\/","og_locale":"ro_RO","og_type":"article","og_title":"Szab\u00e1lyzat - EA-Games","og_description":"Szab\u00e1lyzatA j\u00e1t\u00e9kmenet alatt betartand\u00f3 szab\u00e1lyzat \u00e9s biztons\u00e1gi el\u0151\u00edr\u00e1sokAmennyiben r\u00e9szt veszel az Elite Airsoft Games j\u00e1t\u00e9kokon, automatikusan elfogadod a szab\u00e1lyzatunkat \u00e9s a biztons\u00e1gi el\u00e1\u00edr\u00e1sokat.\u00a0 Nem csak szab\u00e1lyokkal k\u00e9sz\u00fclt\u00fcnk, hanem hasznos inf\u00f3kkal \u00e9s tippekkel, melyek m\u00e9g \u00e9lvezhet\u0151bb\u00e9 teszik a j\u00e1t\u00e9kot.\u00a0Kattinsd a lenti k\u00e9pekre a vill\u00e1mn\u00e9zethez, vagy","og_url":"https:\/\/ea-games.ro\/ro\/szabalyzat\/","og_site_name":"EA-Games","article_modified_time":"2025-10-30T16:12:50+00:00","twitter_card":"summary_large_image","twitter_misc":{"Timp estimat pentru citire":"9 minute"},"schema":{"@context":"https:\/\/schema.org","@graph":[{"@type":"WebPage","@id":"https:\/\/ea-games.ro\/szabalyzat\/","url":"https:\/\/ea-games.ro\/szabalyzat\/","name":"Szab\u00e1lyzat - EA-Games","isPartOf":{"@id":"https:\/\/ea-games.ro\/#website"},"datePublished":"2023-08-11T12:15:07+00:00","dateModified":"2025-10-30T16:12:50+00:00","breadcrumb":{"@id":"https:\/\/ea-games.ro\/szabalyzat\/#breadcrumb"},"inLanguage":"ro-RO","potentialAction":[{"@type":"ReadAction","target":["https:\/\/ea-games.ro\/szabalyzat\/"]}]},{"@type":"BreadcrumbList","@id":"https:\/\/ea-games.ro\/szabalyzat\/#breadcrumb","itemListElement":[{"@type":"ListItem","position":1,"name":"Home","item":"https:\/\/ea-games.ro\/"},{"@type":"ListItem","position":2,"name":"Szab\u00e1lyzat"}]},{"@type":"WebSite","@id":"https:\/\/ea-games.ro\/#website","url":"https:\/\/ea-games.ro\/","name":"EA-Games","description":"Elite Airsoft Games and game organisation","potentialAction":[{"@type":"SearchAction","target":{"@type":"EntryPoint","urlTemplate":"https:\/\/ea-games.ro\/?s={search_term_string}"},"query-input":"required name=search_term_string"}],"inLanguage":"ro-RO"}]}},"_links":{"self":[{"href":"https:\/\/ea-games.ro\/ro\/wp-json\/wp\/v2\/pages\/202"}],"collection":[{"href":"https:\/\/ea-games.ro\/ro\/wp-json\/wp\/v2\/pages"}],"about":[{"href":"https:\/\/ea-games.ro\/ro\/wp-json\/wp\/v2\/types\/page"}],"author":[{"embeddable":true,"href":"https:\/\/ea-games.ro\/ro\/wp-json\/wp\/v2\/users\/1"}],"replies":[{"embeddable":true,"href":"https:\/\/ea-games.ro\/ro\/wp-json\/wp\/v2\/comments?post=202"}],"version-history":[{"count":21,"href":"https:\/\/ea-games.ro\/ro\/wp-json\/wp\/v2\/pages\/202\/revisions"}],"predecessor-version":[{"id":768,"href":"https:\/\/ea-games.ro\/ro\/wp-json\/wp\/v2\/pages\/202\/revisions\/768"}],"wp:attachment":[{"href":"https:\/\/ea-games.ro\/ro\/wp-json\/wp\/v2\/media?parent=202"}],"wp:term":[{"taxonomy":"dipi_cpt_category","embeddable":true,"href":"https:\/\/ea-games.ro\/ro\/wp-json\/wp\/v2\/dipi_cpt_category?post=202"}],"curies":[{"name":"wp","href":"https:\/\/api.w.org\/{rel}","templated":true}]}}