{"id":391,"date":"2023-08-14T06:36:02","date_gmt":"2023-08-14T06:36:02","guid":{"rendered":"https:\/\/ea-games.ro\/?page_id=391"},"modified":"2025-10-26T23:17:22","modified_gmt":"2025-10-26T23:17:22","slug":"events","status":"publish","type":"page","link":"https:\/\/ea-games.ro\/ro\/events\/","title":{"rendered":"Events"},"content":{"rendered":"<p>[et_pb_section fb_built=&#8221;1&#8243; admin_label=&#8221;Header&#8221; _builder_version=&#8221;4.22.0&#8243; use_background_color_gradient=&#8221;on&#8221; background_color_gradient_direction=&#8221;142deg&#8221; background_color_gradient_stops=&#8221;rgba(255,128,38,0.61) 0%|#26033f 100%&#8221; background_color_gradient_overlays_image=&#8221;on&#8221; background_color_gradient_start=&#8221;rgba(138,37,252,0.61)&#8221; background_color_gradient_end=&#8221;#26033f&#8221; background_image=&#8221;https:\/\/ea-games.ro\/wp-content\/uploads\/2023\/08\/vid-cover.webp&#8221; custom_padding=&#8221;6vw||0px|||&#8221; global_colors_info=&#8221;{}&#8221;][et_pb_row _builder_version=&#8221;4.16&#8243; max_width=&#8221;none&#8221; custom_margin=&#8221;2vw|auto||auto||&#8221; custom_margin_tablet=&#8221;0vw||&#8221; custom_margin_last_edited=&#8221;off|desktop&#8221; custom_padding=&#8221;0px||0px||true&#8221; mix_blend_mode=&#8221;overlay&#8221; locked=&#8221;off&#8221; global_colors_info=&#8221;{}&#8221;][et_pb_column type=&#8221;4_4&#8243; _builder_version=&#8221;4.16&#8243; global_colors_info=&#8221;{}&#8221;][et_pb_text _builder_version=&#8221;4.22.0&#8243; text_font=&#8221;||||||||&#8221; header_font=&#8221;||||||||&#8221; header_2_font=&#8221;Anton|800||on|||||&#8221; header_2_font_size=&#8221;9vw&#8221; header_2_letter_spacing=&#8221;0em&#8221; transform_scale_tablet=&#8221;&#8221; transform_scale_phone=&#8221;&#8221; transform_scale_last_edited=&#8221;on|desktop&#8221; transform_translate=&#8221;-2em|0px&#8221; transform_translate_tablet=&#8221;-1em|-3px&#8221; transform_translate_phone=&#8221;0em|0px&#8221; transform_translate_last_edited=&#8221;on|desktop&#8221; transform_translate_linked=&#8221;off&#8221; transform_rotate_tablet=&#8221;&#8221; transform_rotate_phone=&#8221;&#8221; transform_rotate_last_edited=&#8221;on|desktop&#8221; transform_skew_tablet=&#8221;&#8221; transform_skew_phone=&#8221;&#8221; transform_skew_last_edited=&#8221;on|desktop&#8221; transform_origin_tablet=&#8221;&#8221; transform_origin_phone=&#8221;&#8221; transform_origin_last_edited=&#8221;on|desktop&#8221; transform_styles_last_edited=&#8221;on|desktop&#8221; text_orientation=&#8221;center&#8221; background_layout=&#8221;dark&#8221; filter_opacity=&#8221;38%&#8221; header_2_font_size_tablet=&#8221;&#8221; header_2_font_size_phone=&#8221;&#8221; header_2_font_size_last_edited=&#8221;on|phone&#8221; transform_styles_tablet=&#8221;&#8221; transform_styles_phone=&#8221;&#8221; header_2_text_shadow_style=&#8221;preset3&#8243; header_2_text_shadow_color=&#8221;#000000&#8243; text_text_align=&#8221;center&#8221; global_colors_info=&#8221;{}&#8221;]<\/p>\n<h2>THE FORT<\/h2>\n<p>[\/et_pb_text][\/et_pb_column][\/et_pb_row][et_pb_row _builder_version=&#8221;4.16&#8243; max_width=&#8221;none&#8221; custom_padding=&#8221;0px||0px||true|&#8221; locked=&#8221;off&#8221; global_colors_info=&#8221;{}&#8221;][et_pb_column type=&#8221;4_4&#8243; _builder_version=&#8221;4.16&#8243; global_colors_info=&#8221;{}&#8221;][et_pb_text _builder_version=&#8221;4.22.0&#8243; text_font=&#8221;||||||||&#8221; header_font=&#8221;Khand|300||on|||||&#8221; header_font_size=&#8221;6vw&#8221; header_letter_spacing=&#8221;0.2em&#8221; header_line_height=&#8221;1.1em&#8221; text_orientation=&#8221;center&#8221; background_layout=&#8221;dark&#8221; custom_margin=&#8221;-3vw|||||&#8221; custom_padding=&#8221;||22px|||&#8221; header_font_size_tablet=&#8221;&#8221; header_font_size_phone=&#8221;36px&#8221; header_font_size_last_edited=&#8221;on|phone&#8221; header_letter_spacing_tablet=&#8221;&#8221; header_letter_spacing_phone=&#8221;0em&#8221; header_letter_spacing_last_edited=&#8221;on|desktop&#8221; header_text_shadow_style=&#8221;preset3&#8243; header_text_shadow_vertical_length=&#8221;-0.03em&#8221; header_text_shadow_blur_strength=&#8221;0.15em&#8221; text_text_align=&#8221;center&#8221; global_colors_info=&#8221;{}&#8221;]<\/p>\n<h1>K\u00f6zelg\u0151 esem\u00e9nyek<\/h1>\n<p>[\/et_pb_text][\/et_pb_column][\/et_pb_row][et_pb_row column_structure=&#8221;2_5,3_5&#8243; make_equal=&#8221;on&#8221; _builder_version=&#8221;4.27.4&#8243; custom_padding=&#8221;||0px|||&#8221; global_colors_info=&#8221;{}&#8221;][et_pb_column type=&#8221;2_5&#8243; _builder_version=&#8221;4.22.0&#8243; background_color=&#8221;rgba(0,17,51,0.63)&#8221; custom_padding=&#8221;70px|30px|70px|30px|true|true&#8221; custom_padding_tablet=&#8221;30px||30px||true&#8221; custom_padding_phone=&#8221;&#8221; custom_padding_last_edited=&#8221;on|desktop&#8221; box_shadow_vertical_tablet=&#8221;0px&#8221; box_shadow_vertical_phone=&#8221;&#8221; box_shadow_vertical_last_edited=&#8221;on|desktop&#8221; global_colors_info=&#8221;{}&#8221; custom_padding__hover=&#8221;|||&#8221;][et_pb_text _builder_version=&#8221;4.27.4&#8243; text_font=&#8221;Poppins||||||||&#8221; text_text_color=&#8221;#669b11&#8243; text_font_size=&#8221;16px&#8221; text_line_height=&#8221;1.8em&#8221; link_font=&#8221;|700||on|||||&#8221; link_text_align=&#8221;right&#8221; link_text_color=&#8221;#ff9c7a&#8221; link_font_size=&#8221;12px&#8221; link_letter_spacing=&#8221;4px&#8221; header_font=&#8221;||||||||&#8221; header_3_font=&#8221;Anton|||on|||||&#8221; header_3_text_color=&#8221;#a38f22&#8243; header_3_font_size=&#8221;30px&#8221; header_3_letter_spacing=&#8221;2px&#8221; header_3_line_height=&#8221;1.2em&#8221; width_phone=&#8221;100%&#8221; width_last_edited=&#8221;off|phone&#8221; custom_margin=&#8221;-34px|||||&#8221; custom_padding=&#8221;14px|||||&#8221; header_3_font_size_tablet=&#8221;25px&#8221; header_3_font_size_phone=&#8221;20px&#8221; header_3_font_size_last_edited=&#8221;on|phone&#8221; locked=&#8221;off&#8221; global_colors_info=&#8221;{}&#8221;]<\/p>\n<h3>Halloween Airsoft Night @ The Fort \ud83c\udf83<\/h3>\n<p>&nbsp;<\/p>\n<p><strong data-start=\"294\" data-end=\"306\">Id\u0151pont:<\/strong> Okt\u00f3ber 31., p\u00e9ntek este<br data-start=\"331\" data-end=\"334\" \/><strong data-start=\"334\" data-end=\"349\">Kapunyit\u00e1s:<\/strong> 20:00<br data-start=\"355\" data-end=\"358\" \/><strong data-start=\"358\" data-end=\"371\">Helysz\u00edn:<\/strong> K\u00fck\u00fcll\u0151kem\u00e9nyfalva \u2013 <em data-start=\"393\" data-end=\"403\">The Fort<\/em> \u00e9p\u00fclet, <strong data-start=\"412\" data-end=\"429\">belt\u00e9ri p\u00e1lya<\/strong><\/p>\n<p>&nbsp;<\/p>\n<p>&nbsp;<\/p>\n<p>&nbsp;<\/p>\n<p>[\/et_pb_text][et_pb_button button_url=&#8221;\/halloween2025\/&#8221; url_new_window=&#8221;on&#8221; button_text=&#8221;Inf\u00f3k&#8221; button_alignment=&#8221;left&#8221; _builder_version=&#8221;4.27.4&#8243; _module_preset=&#8221;default&#8221; custom_button=&#8221;on&#8221; button_text_color=&#8221;#000000&#8243; button_bg_use_color_gradient=&#8221;on&#8221; button_bg_color_gradient_direction=&#8221;90deg&#8221; button_bg_color_gradient_stops=&#8221;#c14915 0%|#388e0c 100%&#8221; button_border_width=&#8221;0px&#8221; button_border_color=&#8221;RGBA(255,255,255,0)&#8221; button_font=&#8221;Poppins|500|||||||&#8221; button_use_icon=&#8221;off&#8221; custom_margin=&#8221;||-16px|||&#8221; button_text_size_tablet=&#8221;&#8221; button_text_size_phone=&#8221;17px&#8221; button_text_size_last_edited=&#8221;on|desktop&#8221; global_colors_info=&#8221;{}&#8221;][\/et_pb_button][\/et_pb_column][et_pb_column type=&#8221;3_5&#8243; _builder_version=&#8221;4.27.4&#8243; use_background_color_gradient=&#8221;on&#8221; background_color_gradient_direction=&#8221;139deg&#8221; background_color_gradient_stops=&#8221;#47a83e 0%|#e09900 100%&#8221; background_color_gradient_start=&#8221;#f46aa0&#8243; background_color_gradient_end=&#8221;#ffb397&#8243; background_image=&#8221;https:\/\/ea-games.ro\/wp-content\/uploads\/2025\/10\/contact-halloween.webp&#8221; background_blend=&#8221;multiply&#8221; custom_padding=&#8221;30px|||&#8221; global_colors_info=&#8221;{}&#8221; custom_padding__hover=&#8221;|||&#8221;][et_pb_countdown_timer title=&#8221;Halloween night&#8221; date_time=&#8221;2025-10-31 20:00&#8243; _builder_version=&#8221;4.27.4&#8243; header_level=&#8221;h2&#8243; header_font=&#8221;Fjalla One|||on|||||&#8221; header_font_size=&#8221;60px&#8221; header_line_height=&#8221;1.2em&#8221; numbers_font=&#8221;Fjalla One||||||||&#8221; numbers_font_size=&#8221;60px&#8221; separator_font=&#8221;||||||||&#8221; label_font=&#8221;|700||on|||||&#8221; label_text_color=&#8221;#7CDA24&#8243; label_font_size=&#8221;12px&#8221; label_letter_spacing=&#8221;3px&#8221; label_line_height=&#8221;32px&#8221; background_color=&#8221;rgba(0,0,0,0)&#8221; background_color_gradient_direction=&#8221;90deg&#8221; custom_margin=&#8221;||||false|&#8221; custom_margin_tablet=&#8221;0px||0px||true&#8221; custom_margin_last_edited=&#8221;off|tablet&#8221; header_font_size_tablet=&#8221;50px&#8221; header_font_size_phone=&#8221;30px&#8221; header_font_size_last_edited=&#8221;on|phone&#8221; numbers_font_size_tablet=&#8221;30px&#8221; numbers_font_size_phone=&#8221;24px&#8221; numbers_font_size_last_edited=&#8221;on|phone&#8221; label_font_size_tablet=&#8221;12px&#8221; label_font_size_phone=&#8221;&#8221; label_font_size_last_edited=&#8221;on|desktop&#8221; locked=&#8221;off&#8221; global_colors_info=&#8221;{}&#8221;][\/et_pb_countdown_timer][\/et_pb_column][\/et_pb_row][\/et_pb_section][et_pb_section fb_built=&#8221;1&#8243; custom_padding_last_edited=&#8221;off|tablet&#8221; admin_label=&#8221;Events&#8221; _builder_version=&#8221;4.16&#8243; custom_padding_tablet=&#8221;0px||50px||false&#8221; global_colors_info=&#8221;{}&#8221; disabled_on=&#8221;on|on|on&#8221; disabled=&#8221;on&#8221;][et_pb_row _builder_version=&#8221;4.16&#8243; global_colors_info=&#8221;{}&#8221;][et_pb_column type=&#8221;4_4&#8243; _builder_version=&#8221;4.16&#8243; global_colors_info=&#8221;{}&#8221;][et_pb_text _builder_version=&#8221;4.22.0&#8243; text_font=&#8221;||||||||&#8221; text_font_size=&#8221;16px&#8221; text_line_height=&#8221;1.8em&#8221; header_font=&#8221;||||||||&#8221; header_2_font=&#8221;Anton|||on|||||&#8221; header_2_font_size=&#8221;63px&#8221; header_2_line_height=&#8221;1.2em&#8221; text_orientation=&#8221;center&#8221; width_tablet=&#8221;600px&#8221; width_phone=&#8221;400px&#8221; width_last_edited=&#8221;off|phone&#8221; max_width=&#8221;600px&#8221; module_alignment=&#8221;center&#8221; header_2_font_size_tablet=&#8221;50px&#8221; header_2_font_size_phone=&#8221;30px&#8221; header_2_font_size_last_edited=&#8221;on|phone&#8221; text_text_align=&#8221;center&#8221; locked=&#8221;off&#8221; global_colors_info=&#8221;{}&#8221;]<\/p>\n<h2>Esem\u00e9nyek 2025-ben<\/h2>\n<p>[\/et_pb_text][\/et_pb_column][\/et_pb_row][et_pb_row column_structure=&#8221;1_4,1_4,1_4,1_4&#8243; use_custom_gutter=&#8221;on&#8221; gutter_width=&#8221;2&#8243; _builder_version=&#8221;4.16&#8243; filter_opacity=&#8221;30%&#8221; global_colors_info=&#8221;{}&#8221;][et_pb_column type=&#8221;1_4&#8243; _builder_version=&#8221;4.16&#8243; global_colors_info=&#8221;{}&#8221;][et_pb_text _builder_version=&#8221;4.27.4&#8243; header_font=&#8221;||||||||&#8221; header_2_font=&#8221;Fjalla One||||||||&#8221; header_2_font_size=&#8221;60px&#8221; header_2_line_height=&#8221;1.2em&#8221; header_2_font_size_tablet=&#8221;50px&#8221; header_2_font_size_phone=&#8221;30px&#8221; header_2_font_size_last_edited=&#8221;on|phone&#8221; global_colors_info=&#8221;{}&#8221;]<\/p>\n<h2>Okt 31<\/h2>\n<p>[\/et_pb_text][\/et_pb_column][et_pb_column type=&#8221;1_4&#8243; _builder_version=&#8221;4.16&#8243; global_colors_info=&#8221;{}&#8221;][et_pb_text _builder_version=&#8221;4.22.0&#8243; header_font=&#8221;||||||||&#8221; header_3_font=&#8221;Open Sans|600|||||||&#8221; header_3_font_size=&#8221;20px&#8221; header_3_line_height=&#8221;3em&#8221; global_colors_info=&#8221;{}&#8221;]<\/p>\n<h3>The Fort<\/h3>\n<p>[\/et_pb_text][\/et_pb_column][et_pb_column type=&#8221;1_4&#8243; _builder_version=&#8221;4.16&#8243; global_colors_info=&#8221;{}&#8221;][et_pb_button button_text=&#8221;INF\u00d3&#8221; button_alignment=&#8221;right&#8221; button_alignment_tablet=&#8221;left&#8221; button_alignment_phone=&#8221;&#8221; button_alignment_last_edited=&#8221;on|desktop&#8221; _builder_version=&#8221;4.22.0&#8243; custom_button=&#8221;on&#8221; button_text_size=&#8221;14px&#8221; button_text_color=&#8221;#f56ea0&#8243; button_bg_color=&#8221;rgba(244,106,160,0.1)&#8221; button_bg_color_gradient_direction=&#8221;90deg&#8221; button_bg_color_gradient_stops=&#8221;#ffb397 0%|#f46aa0 100%&#8221; button_bg_color_gradient_start=&#8221;#ffb397&#8243; button_bg_color_gradient_end=&#8221;#f46aa0&#8243; button_border_width=&#8221;0px&#8221; button_border_radius=&#8221;0px&#8221; button_letter_spacing=&#8221;5px&#8221; button_font=&#8221;Open Sans|700||on|||||&#8221; custom_padding=&#8221;20px|30px|20px|30px|true|true&#8221; locked=&#8221;off&#8221; global_colors_info=&#8221;{}&#8221;][\/et_pb_button][\/et_pb_column][et_pb_column type=&#8221;1_4&#8243; _builder_version=&#8221;4.16&#8243; global_colors_info=&#8221;{}&#8221;][et_pb_button button_url=&#8221;\/contact&#8221; button_text=&#8221;Lezajlott&#8221; _builder_version=&#8221;4.22.0&#8243; custom_button=&#8221;on&#8221; button_text_size=&#8221;14px&#8221; button_text_color=&#8221;#ffffff&#8221; button_bg_color=&#8221;#f46aa0&#8243; button_bg_use_color_gradient=&#8221;on&#8221; button_bg_color_gradient_direction=&#8221;90deg&#8221; button_bg_color_gradient_stops=&#8221;#ffb397 0%|#f46aa0 100%&#8221; button_bg_color_gradient_start=&#8221;#ffb397&#8243; button_bg_color_gradient_end=&#8221;#f46aa0&#8243; button_border_width=&#8221;0px&#8221; button_border_radius=&#8221;0px&#8221; button_letter_spacing=&#8221;5px&#8221; button_font=&#8221;Open Sans|700||on|||||&#8221; custom_padding=&#8221;20px|40px|20px|40px|true|true&#8221; locked=&#8221;off&#8221; global_colors_info=&#8221;{}&#8221;][\/et_pb_button][\/et_pb_column][\/et_pb_row][\/et_pb_section][et_pb_section fb_built=&#8221;1&#8243; admin_label=&#8221;Footer&#8221; _builder_version=&#8221;4.16&#8243; custom_padding=&#8221;||120px|||&#8221; locked=&#8221;off&#8221; global_colors_info=&#8221;{}&#8221;][et_pb_row _builder_version=&#8221;4.27.4&#8243; use_background_color_gradient=&#8221;on&#8221; background_color_gradient_direction=&#8221;90deg&#8221; background_color_gradient_stops=&#8221;#f46aa0 0%|#ffb397 100%&#8221; background_color_gradient_start=&#8221;#f46aa0&#8243; background_color_gradient_end=&#8221;#ffb397&#8243; background_image=&#8221;https:\/\/ea-games.ro\/wp-content\/uploads\/2025\/10\/contact-halloween.webp&#8221; background_blend=&#8221;multiply&#8221; custom_padding=&#8221;||0px|||&#8221; locked=&#8221;off&#8221; global_colors_info=&#8221;{}&#8221;][et_pb_column type=&#8221;4_4&#8243; _builder_version=&#8221;4.16&#8243; global_colors_info=&#8221;{}&#8221;][et_pb_text _builder_version=&#8221;4.27.4&#8243; text_font=&#8221;Fjalla One|||on|||||&#8221; text_text_color=&#8221;rgba(255,255,255,0.15)&#8221; text_font_size=&#8221;14vw&#8221; text_line_height=&#8221;1em&#8221; header_font=&#8221;||||||||&#8221; background_layout=&#8221;dark&#8221; custom_margin=&#8221;-3vw||-4vw|-7vw&#8221; custom_margin_phone=&#8221;||0em&#8221; custom_margin_last_edited=&#8221;off|desktop&#8221; mix_blend_mode=&#8221;overlay&#8221; animation_style=&#8221;fade&#8221; animation_direction=&#8221;left&#8221; animation_duration=&#8221;2000ms&#8221; text_font_size_tablet=&#8221;15vw&#8221; text_font_size_phone=&#8221;&#8221; text_font_size_last_edited=&#8221;on|desktop&#8221; locked=&#8221;off&#8221; global_colors_info=&#8221;{}&#8221;]<\/p>\n<p style=\"text-align: center;\">Jelentkezz<\/p>\n<p>[\/et_pb_text][et_pb_text _builder_version=&#8221;4.22.0&#8243; text_font=&#8221;||||||||&#8221; text_font_size=&#8221;16px&#8221; text_line_height=&#8221;1.8em&#8221; header_font=&#8221;||||||||&#8221; header_2_font=&#8221;Fjalla One|||on|||||&#8221; header_2_font_size=&#8221;80px&#8221; header_2_line_height=&#8221;1.2em&#8221; text_orientation=&#8221;center&#8221; background_layout=&#8221;dark&#8221; width_tablet=&#8221;600px&#8221; width_phone=&#8221;400px&#8221; width_last_edited=&#8221;off|phone&#8221; max_width=&#8221;700px&#8221; module_alignment=&#8221;center&#8221; header_2_font_size_tablet=&#8221;50px&#8221; header_2_font_size_phone=&#8221;30px&#8221; header_2_font_size_last_edited=&#8221;on|phone&#8221; text_text_align=&#8221;center&#8221; locked=&#8221;off&#8221; global_colors_info=&#8221;{}&#8221;]<\/p>\n<h2>A jelentkez\u00e9shez \u00edrj nek\u00fcnk, vagy h\u00edvj<\/h2>\n<p>[\/et_pb_text][et_pb_button button_url=&#8221;\/contact&#8221; button_text=&#8221;Kapcsolatfelv\u00e9tel&#8221; button_alignment=&#8221;right&#8221; _builder_version=&#8221;4.22.0&#8243; custom_button=&#8221;on&#8221; button_text_size=&#8221;14px&#8221; button_text_color=&#8221;#ffffff&#8221; button_bg_color=&#8221;#000000&#8243; button_bg_color_gradient_direction=&#8221;90deg&#8221; button_bg_color_gradient_stops=&#8221;#ffb397 0%|#f46aa0 100%&#8221; button_bg_color_gradient_start=&#8221;#ffb397&#8243; button_bg_color_gradient_end=&#8221;#f46aa0&#8243; button_border_width=&#8221;0px&#8221; button_border_radius=&#8221;0px&#8221; button_letter_spacing=&#8221;5px&#8221; button_font=&#8221;Open Sans|700||on|||||&#8221; custom_padding=&#8221;20px|40px|20px|40px|true|true&#8221; locked=&#8221;off&#8221; global_colors_info=&#8221;{}&#8221;][\/et_pb_button][\/et_pb_column][\/et_pb_row][\/et_pb_section]<\/p>\n","protected":false},"excerpt":{"rendered":"<p>THE FORTK\u00f6zelg\u0151 esem\u00e9nyekHalloween Airsoft Night @ The Fort \ud83c\udf83 &nbsp; Id\u0151pont: Okt\u00f3ber 31., p\u00e9ntek esteKapunyit\u00e1s: 20:00Helysz\u00edn: K\u00fck\u00fcll\u0151kem\u00e9nyfalva \u2013 The Fort \u00e9p\u00fclet, belt\u00e9ri p\u00e1lya &nbsp; &nbsp; &nbsp;Esem\u00e9nyek 2025-benOkt 31The FortJelentkezzA jelentkez\u00e9shez \u00edrj nek\u00fcnk, vagy h\u00edvj<\/p>","protected":false},"author":1,"featured_media":0,"parent":0,"menu_order":0,"comment_status":"closed","ping_status":"closed","template":"","meta":{"_et_pb_use_builder":"on","_et_pb_old_content":"","_et_gb_content_width":"","footnotes":""},"dipi_cpt_category":[],"yoast_head":"<!-- This site is optimized with the Yoast SEO plugin v23.2 - https:\/\/yoast.com\/wordpress\/plugins\/seo\/ -->\n<title>Events - EA-Games<\/title>\n<meta name=\"robots\" content=\"index, follow, max-snippet:-1, max-image-preview:large, max-video-preview:-1\" \/>\n<link rel=\"canonical\" href=\"https:\/\/ea-games.ro\/ro\/events\/\" \/>\n<meta property=\"og:locale\" content=\"ro_RO\" \/>\n<meta property=\"og:type\" content=\"article\" \/>\n<meta property=\"og:title\" content=\"Events - EA-Games\" \/>\n<meta property=\"og:description\" content=\"THE FORTK\u00f6zelg\u0151 esem\u00e9nyekHalloween Airsoft Night @ The Fort \ud83c\udf83 &nbsp; Id\u0151pont: Okt\u00f3ber 31., p\u00e9ntek esteKapunyit\u00e1s: 20:00Helysz\u00edn: K\u00fck\u00fcll\u0151kem\u00e9nyfalva \u2013 The Fort \u00e9p\u00fclet, belt\u00e9ri p\u00e1lya &nbsp; &nbsp; &nbsp;Esem\u00e9nyek 2025-benOkt 31The FortJelentkezzA jelentkez\u00e9shez \u00edrj nek\u00fcnk, vagy h\u00edvj\" \/>\n<meta property=\"og:url\" content=\"https:\/\/ea-games.ro\/ro\/events\/\" \/>\n<meta property=\"og:site_name\" content=\"EA-Games\" \/>\n<meta property=\"article:modified_time\" content=\"2025-10-26T23:17:22+00:00\" \/>\n<meta name=\"twitter:card\" content=\"summary_large_image\" \/>\n<meta name=\"twitter:label1\" content=\"Timp estimat pentru citire\" \/>\n\t<meta name=\"twitter:data1\" content=\"4 minute\" \/>\n<script type=\"application\/ld+json\" class=\"yoast-schema-graph\">{\"@context\":\"https:\/\/schema.org\",\"@graph\":[{\"@type\":\"WebPage\",\"@id\":\"https:\/\/ea-games.ro\/events\/\",\"url\":\"https:\/\/ea-games.ro\/events\/\",\"name\":\"Events - EA-Games\",\"isPartOf\":{\"@id\":\"https:\/\/ea-games.ro\/#website\"},\"datePublished\":\"2023-08-14T06:36:02+00:00\",\"dateModified\":\"2025-10-26T23:17:22+00:00\",\"breadcrumb\":{\"@id\":\"https:\/\/ea-games.ro\/events\/#breadcrumb\"},\"inLanguage\":\"ro-RO\",\"potentialAction\":[{\"@type\":\"ReadAction\",\"target\":[\"https:\/\/ea-games.ro\/events\/\"]}]},{\"@type\":\"BreadcrumbList\",\"@id\":\"https:\/\/ea-games.ro\/events\/#breadcrumb\",\"itemListElement\":[{\"@type\":\"ListItem\",\"position\":1,\"name\":\"Home\",\"item\":\"https:\/\/ea-games.ro\/\"},{\"@type\":\"ListItem\",\"position\":2,\"name\":\"Events\"}]},{\"@type\":\"WebSite\",\"@id\":\"https:\/\/ea-games.ro\/#website\",\"url\":\"https:\/\/ea-games.ro\/\",\"name\":\"EA-Games\",\"description\":\"Elite Airsoft Games and game organisation\",\"potentialAction\":[{\"@type\":\"SearchAction\",\"target\":{\"@type\":\"EntryPoint\",\"urlTemplate\":\"https:\/\/ea-games.ro\/?s={search_term_string}\"},\"query-input\":\"required name=search_term_string\"}],\"inLanguage\":\"ro-RO\"}]}<\/script>\n<!-- \/ Yoast SEO plugin. -->","yoast_head_json":{"title":"Events - EA-Games","robots":{"index":"index","follow":"follow","max-snippet":"max-snippet:-1","max-image-preview":"max-image-preview:large","max-video-preview":"max-video-preview:-1"},"canonical":"https:\/\/ea-games.ro\/ro\/events\/","og_locale":"ro_RO","og_type":"article","og_title":"Events - EA-Games","og_description":"THE FORTK\u00f6zelg\u0151 esem\u00e9nyekHalloween Airsoft Night @ The Fort \ud83c\udf83 &nbsp; Id\u0151pont: Okt\u00f3ber 31., p\u00e9ntek esteKapunyit\u00e1s: 20:00Helysz\u00edn: K\u00fck\u00fcll\u0151kem\u00e9nyfalva \u2013 The Fort \u00e9p\u00fclet, belt\u00e9ri p\u00e1lya &nbsp; &nbsp; &nbsp;Esem\u00e9nyek 2025-benOkt 31The FortJelentkezzA jelentkez\u00e9shez \u00edrj nek\u00fcnk, vagy h\u00edvj","og_url":"https:\/\/ea-games.ro\/ro\/events\/","og_site_name":"EA-Games","article_modified_time":"2025-10-26T23:17:22+00:00","twitter_card":"summary_large_image","twitter_misc":{"Timp estimat pentru citire":"4 minute"},"schema":{"@context":"https:\/\/schema.org","@graph":[{"@type":"WebPage","@id":"https:\/\/ea-games.ro\/events\/","url":"https:\/\/ea-games.ro\/events\/","name":"Events - EA-Games","isPartOf":{"@id":"https:\/\/ea-games.ro\/#website"},"datePublished":"2023-08-14T06:36:02+00:00","dateModified":"2025-10-26T23:17:22+00:00","breadcrumb":{"@id":"https:\/\/ea-games.ro\/events\/#breadcrumb"},"inLanguage":"ro-RO","potentialAction":[{"@type":"ReadAction","target":["https:\/\/ea-games.ro\/events\/"]}]},{"@type":"BreadcrumbList","@id":"https:\/\/ea-games.ro\/events\/#breadcrumb","itemListElement":[{"@type":"ListItem","position":1,"name":"Home","item":"https:\/\/ea-games.ro\/"},{"@type":"ListItem","position":2,"name":"Events"}]},{"@type":"WebSite","@id":"https:\/\/ea-games.ro\/#website","url":"https:\/\/ea-games.ro\/","name":"EA-Games","description":"Elite Airsoft Games and game organisation","potentialAction":[{"@type":"SearchAction","target":{"@type":"EntryPoint","urlTemplate":"https:\/\/ea-games.ro\/?s={search_term_string}"},"query-input":"required name=search_term_string"}],"inLanguage":"ro-RO"}]}},"_links":{"self":[{"href":"https:\/\/ea-games.ro\/ro\/wp-json\/wp\/v2\/pages\/391"}],"collection":[{"href":"https:\/\/ea-games.ro\/ro\/wp-json\/wp\/v2\/pages"}],"about":[{"href":"https:\/\/ea-games.ro\/ro\/wp-json\/wp\/v2\/types\/page"}],"author":[{"embeddable":true,"href":"https:\/\/ea-games.ro\/ro\/wp-json\/wp\/v2\/users\/1"}],"replies":[{"embeddable":true,"href":"https:\/\/ea-games.ro\/ro\/wp-json\/wp\/v2\/comments?post=391"}],"version-history":[{"count":38,"href":"https:\/\/ea-games.ro\/ro\/wp-json\/wp\/v2\/pages\/391\/revisions"}],"predecessor-version":[{"id":750,"href":"https:\/\/ea-games.ro\/ro\/wp-json\/wp\/v2\/pages\/391\/revisions\/750"}],"wp:attachment":[{"href":"https:\/\/ea-games.ro\/ro\/wp-json\/wp\/v2\/media?parent=391"}],"wp:term":[{"taxonomy":"dipi_cpt_category","embeddable":true,"href":"https:\/\/ea-games.ro\/ro\/wp-json\/wp\/v2\/dipi_cpt_category?post=391"}],"curies":[{"name":"wp","href":"https:\/\/api.w.org\/{rel}","templated":true}]}}